{"id":30,"date":"2019-10-30T08:05:16","date_gmt":"2019-10-30T08:05:16","guid":{"rendered":"https:\/\/demo.casethemes.net\/consultio-corporate3\/?page_id=30"},"modified":"2022-06-14T19:28:56","modified_gmt":"2022-06-15T00:28:56","slug":"estatutos","status":"publish","type":"page","link":"https:\/\/analmo.org\/ws\/estatutos\/","title":{"rendered":"Estatutos"},"content":{"rendered":"\t\t<div data-elementor-type=\"wp-page\" data-elementor-id=\"30\" class=\"elementor elementor-30\">\n\t\t\t\t\t\t\t        <section class=\"elementor-section elementor-top-section elementor-element elementor-element-595e705 elementor-section-content-middle elementor-section-boxed elementor-section-height-default elementor-section-height-default\" data-id=\"595e705\" data-element_type=\"section\">\n            \n                        <div class=\"elementor-container elementor-column-gap-extended \">\n                    <div class=\"elementor-column elementor-col-100 elementor-top-column elementor-element elementor-element-fbf6e39\" data-id=\"fbf6e39\" data-element_type=\"column\">\n            <div class=\"elementor-widget-wrap elementor-element-populated\">\n                        \t\t<div class=\"elementor-element elementor-element-e58aff6 elementor-widget elementor-widget-ct_heading\" data-id=\"e58aff6\" data-element_type=\"widget\" data-widget_type=\"ct_heading.default\">\n\t\t\t\t<div class=\"elementor-widget-container\">\n\t\t\t<div class=\"ct-heading h-align-  sub-style1 ct-heading-left item-st-default\">\r\n\t\t\t<div class=\"item--sub-title style1 show-line\">\r\n                                                         <\/div>\r\n\t    <h3 class=\"item--title st-default \" data-wow-delay=\"ms\">\r\n                <span>\r\n            \r\n            Estatutos\r\n                    <\/span>\r\n            <\/h3>\r\n<\/div>\t\t<\/div>\n\t\t\t\t<\/div>\n\t\t\t\t<div class=\"elementor-element elementor-element-64b4dfa elementor-widget elementor-widget-text-editor\" data-id=\"64b4dfa\" data-element_type=\"widget\" data-widget_type=\"text-editor.default\">\n\t\t\t\t<div class=\"elementor-widget-container\">\n\t\t\t\t\t\t\t<p><a href=\"https:\/\/analmo.org\/ws\/wp-content\/uploads\/2022\/06\/ESTATUTOS-ANALMO.pdf\" target=\"_blank\" rel=\"noopener\"><span style=\"text-decoration: underline;\"><span style=\"color: #000000; text-decoration: underline;\">Estatutos ANALMO (Descargar)<\/span><\/span><\/a><\/p>\t\t\t\t\t\t<\/div>\n\t\t\t\t<\/div>\n\t\t\t\t<div class=\"elementor-element elementor-element-aa5dc0e elementor-hidden-desktop elementor-hidden-tablet elementor-hidden-mobile elementor-widget elementor-widget-text-editor\" data-id=\"aa5dc0e\" data-element_type=\"widget\" data-widget_type=\"text-editor.default\">\n\t\t\t\t<div class=\"elementor-widget-container\">\n\t\t\t\t\t\t\t<p><span style=\"text-decoration: underline;\"><span style=\"color: #000000; text-decoration: underline;\"><a style=\"color: #000000; text-decoration: underline;\" href=\"https:\/\/analmo.org\/ws\/wp-content\/uploads\/2021\/06\/Parte-1-Capitulo-I-Articulos-1-al-6.pdf\" target=\"_blank\" rel=\"noopener\">Parte 1 &#8211; (Cap\u00edtulo I: Art\u00edculos 1 al 6)<\/a><\/span><\/span><br \/><span style=\"text-decoration: underline;\"><span style=\"color: #000000; text-decoration: underline;\"><a style=\"color: #000000; text-decoration: underline;\" href=\"https:\/\/analmo.org\/ws\/wp-content\/uploads\/2021\/06\/Parte-2-Capitulo-II-Articulos-7-al-12.pdf\" target=\"_blank\" rel=\"noopener\">Parte 2 &#8211; (Cap\u00edtulo II: Art\u00edculos 7 al 12)<\/a><\/span><\/span><br \/><span style=\"text-decoration: underline;\"><span style=\"color: #000000; text-decoration: underline;\"><a style=\"color: #000000; text-decoration: underline;\" href=\"https:\/\/analmo.org\/ws\/wp-content\/uploads\/2021\/06\/Parte-3-Capitulo-II-Articulos-13-al-16-y-Capitulo-III-Articulos-17-al-20.pdf\">Parte 3 &#8211; (Cap\u00edtulo II: Art\u00edculos 13 al 16 y Cap\u00edtulo III: Art\u00edculos 17 al 20)<\/a><\/span><\/span><br \/><span style=\"text-decoration: underline;\"><span style=\"color: #000000; text-decoration: underline;\"><a style=\"color: #000000; text-decoration: underline;\" href=\"https:\/\/analmo.org\/ws\/wp-content\/uploads\/2021\/06\/Parte-4-Capitulo-III-Articulos-21-al-26.pdf\">Parte 4 &#8211; (Cap\u00edtulo III: Art\u00edculos 21 al 26)<\/a><\/span><\/span><br \/><span style=\"text-decoration: underline;\"><span style=\"color: #000000; text-decoration: underline;\"><a style=\"color: #000000; text-decoration: underline;\" href=\"https:\/\/analmo.org\/ws\/wp-content\/uploads\/2021\/06\/Parte-5-Capitulo-III-Articulos-27-al-28-Capitulo-IV-Articulos-del-29-al-30-y-Capitulo-V-Articulos-31-al-32.pdf\">Parte 5 &#8211; (Cap\u00edtulo III: Art\u00edculos 27 al 28, Cap\u00edtulo IV: Art\u00edculos del 29 al 30 y Cap\u00edtulo V: Art\u00edculos 31 al 32)<\/a><\/span><\/span><br \/><span style=\"text-decoration: underline;\"><span style=\"color: #000000; text-decoration: underline;\"><a style=\"color: #000000; text-decoration: underline;\" href=\"http:\/\/Parte 6 - (Cap\u00edtulo V: Art\u00edculos 33 al 36)\" data-wplink-url-error=\"true\">Parte 6 &#8211; (Cap\u00edtulo V: Art\u00edculos 33 al 36)<\/a><\/span><\/span><br \/><span style=\"text-decoration: underline;\"><span style=\"color: #000000; text-decoration: underline;\"><a style=\"color: #000000; text-decoration: underline;\" href=\"https:\/\/analmo.org\/ws\/wp-content\/uploads\/2021\/06\/Parte-7-Capitulo-V-Articulos-37-al-42.pdf\">Parte 7 &#8211; (Cap\u00edtulo V: Art\u00edculos 37 al 42)<\/a><\/span><\/span><br \/><a href=\"https:\/\/analmo.org\/ws\/wp-content\/uploads\/2021\/06\/Parte-8-Capitulo-VI-Articulos-43-al-47.pdf\"><span style=\"text-decoration: underline;\"><span style=\"color: #000000; text-decoration: underline;\">Parte 8 &#8211; (Cap\u00edtulo VI: Art\u00edculos 43 al 47)<\/span><\/span><\/a><\/p>\t\t\t\t\t\t<\/div>\n\t\t\t\t<\/div>\n\t\t            <\/div>\n        <\/div>\n                            <\/div>\n        <\/section>\n                <section class=\"elementor-section elementor-top-section elementor-element elementor-element-6a8d88f elementor-hidden-desktop elementor-hidden-tablet elementor-hidden-phone elementor-section-boxed elementor-section-height-default elementor-section-height-default\" data-id=\"6a8d88f\" data-element_type=\"section\">\n            \n                        <div class=\"elementor-container elementor-column-gap-extended \">\n                    <div class=\"elementor-column elementor-col-50 elementor-top-column elementor-element elementor-element-325916e\" data-id=\"325916e\" data-element_type=\"column\">\n            <div class=\"elementor-widget-wrap elementor-element-populated\">\n                        \t\t<div class=\"elementor-element elementor-element-60e5f30 elementor-widget elementor-widget-ct_accordion\" data-id=\"60e5f30\" data-element_type=\"widget\" data-widget_type=\"ct_accordion.default\">\n\t\t\t\t<div class=\"elementor-widget-container\">\n\t\t\t    <div id=\"ct_accordion-60e5f30\" class=\"ct-accordion layout1 style1 \">\r\n                    <div class=\"ct-accordion-item active\">\r\n                <div class=\"ct-ac-title active\" data-target=\"#98e146cct_accordion-60e5f30\">\r\n                    <a class=\"ct-ac-title-text\">\r\n                                                                        What should I include in my personal statement?                    <\/a>\r\n                <\/div>\r\n                <div id=\"98e146cct_accordion-60e5f30\" class=\"ct-ac-content\" style=\"display:block;\">Lorem ipsum dolor sit amet consecte tur adipiscing elit sed do <u>eiu smod tempor incididunt<\/u> ut labore.<\/div>\r\n            <\/div>\r\n                    <div class=\"ct-accordion-item \">\r\n                <div class=\"ct-ac-title \" data-target=\"#25b80e7ct_accordion-60e5f30\">\r\n                    <a class=\"ct-ac-title-text\">\r\n                                                                        Will membership plans be charged automatically?                    <\/a>\r\n                <\/div>\r\n                <div id=\"25b80e7ct_accordion-60e5f30\" class=\"ct-ac-content\">Lorem ipsum dolor sit amet consecte tur adipiscing elit sed do <u>eiu smod tempor incididunt<\/u> ut labore.<\/div>\r\n            <\/div>\r\n                    <div class=\"ct-accordion-item \">\r\n                <div class=\"ct-ac-title \" data-target=\"#5caa056ct_accordion-60e5f30\">\r\n                    <a class=\"ct-ac-title-text\">\r\n                                                                        How can I make a change to my application?                    <\/a>\r\n                <\/div>\r\n                <div id=\"5caa056ct_accordion-60e5f30\" class=\"ct-ac-content\">Lorem ipsum dolor sit amet consecte tur adipiscing elit sed do <u>eiu smod tempor incididunt<\/u> ut labore.<\/div>\r\n            <\/div>\r\n            <\/div>\r\n\t\t<\/div>\n\t\t\t\t<\/div>\n\t\t            <\/div>\n        <\/div>\n                <div class=\"elementor-column elementor-col-50 elementor-top-column elementor-element elementor-element-0f620d2\" data-id=\"0f620d2\" data-element_type=\"column\">\n            <div class=\"elementor-widget-wrap elementor-element-populated\">\n                        \t\t<div class=\"elementor-element elementor-element-346929e elementor-widget elementor-widget-ct_accordion\" data-id=\"346929e\" data-element_type=\"widget\" data-widget_type=\"ct_accordion.default\">\n\t\t\t\t<div class=\"elementor-widget-container\">\n\t\t\t    <div id=\"ct_accordion-346929e\" class=\"ct-accordion layout1 style1 \">\r\n                    <div class=\"ct-accordion-item active\">\r\n                <div class=\"ct-ac-title active\" data-target=\"#98e146cct_accordion-346929e\">\r\n                    <a class=\"ct-ac-title-text\">\r\n                                                                        Where can I find out about funding?                    <\/a>\r\n                <\/div>\r\n                <div id=\"98e146cct_accordion-346929e\" class=\"ct-ac-content\" style=\"display:block;\">Lorem ipsum dolor sit amet consecte tur adipiscing elit sed do <u>eiu smod tempor incididunt<\/u> ut labore.<\/div>\r\n            <\/div>\r\n                    <div class=\"ct-accordion-item \">\r\n                <div class=\"ct-ac-title \" data-target=\"#25b80e7ct_accordion-346929e\">\r\n                    <a class=\"ct-ac-title-text\">\r\n                                                                        What will happen when I\u2019ve sent my application?                    <\/a>\r\n                <\/div>\r\n                <div id=\"25b80e7ct_accordion-346929e\" class=\"ct-ac-content\">Lorem ipsum dolor sit amet consecte tur adipiscing elit sed do <u>eiu smod tempor incididunt<\/u> ut labore.<\/div>\r\n            <\/div>\r\n                    <div class=\"ct-accordion-item \">\r\n                <div class=\"ct-ac-title \" data-target=\"#5caa056ct_accordion-346929e\">\r\n                    <a class=\"ct-ac-title-text\">\r\n                                                                        Can I get a free trial before I purchase?                    <\/a>\r\n                <\/div>\r\n                <div id=\"5caa056ct_accordion-346929e\" class=\"ct-ac-content\">Lorem ipsum dolor sit amet consecte tur adipiscing elit sed do <u>eiu smod tempor incididunt<\/u> ut labore.<\/div>\r\n            <\/div>\r\n            <\/div>\r\n\t\t<\/div>\n\t\t\t\t<\/div>\n\t\t            <\/div>\n        <\/div>\n                            <\/div>\n        <\/section>\n                <section class=\"elementor-section elementor-top-section elementor-element elementor-element-d6e093c elementor-section-content-middle elementor-hidden-desktop elementor-hidden-tablet elementor-hidden-phone elementor-section-boxed elementor-section-height-default elementor-section-height-default\" data-id=\"d6e093c\" data-element_type=\"section\">\n            \n                        <div class=\"elementor-container elementor-column-gap-extended \">\n                    <div class=\"elementor-column elementor-col-50 elementor-top-column elementor-element elementor-element-f503527\" data-id=\"f503527\" data-element_type=\"column\">\n            <div class=\"elementor-widget-wrap elementor-element-populated\">\n                        \t\t<div class=\"elementor-element elementor-element-fee7573 elementor-widget elementor-widget-ct_heading\" data-id=\"fee7573\" data-element_type=\"widget\" data-widget_type=\"ct_heading.default\">\n\t\t\t\t<div class=\"elementor-widget-container\">\n\t\t\t<div class=\"ct-heading h-align-  sub-style1 ct-heading-left item-st-default\">\r\n\t    <h3 class=\"item--title st-default \" data-wow-delay=\"ms\">\r\n                <span>\r\n            \r\n            Still have you any problem  for solutions?\r\n                    <\/span>\r\n            <\/h3>\r\n<\/div>\t\t<\/div>\n\t\t\t\t<\/div>\n\t\t            <\/div>\n        <\/div>\n                <div class=\"elementor-column elementor-col-50 elementor-top-column elementor-element elementor-element-d0a7700\" data-id=\"d0a7700\" data-element_type=\"column\">\n            <div class=\"elementor-widget-wrap elementor-element-populated\">\n                        \t\t<div class=\"elementor-element elementor-element-40d6687 elementor-widget elementor-widget-text-editor\" data-id=\"40d6687\" data-element_type=\"widget\" data-widget_type=\"text-editor.default\">\n\t\t\t\t<div class=\"elementor-widget-container\">\n\t\t\t\t\t\t\tFor any inquiries relating to my  Retail and Leadership\nPrograms or Coaching and Mentoring services feel free to speak to me personally by call us during business hours.\t\t\t\t\t\t<\/div>\n\t\t\t\t<\/div>\n\t\t            <\/div>\n        <\/div>\n                            <\/div>\n        <\/section>\n                <section class=\"elementor-section elementor-top-section elementor-element elementor-element-6783ba1 elementor-hidden-desktop elementor-hidden-tablet elementor-hidden-phone elementor-section-boxed elementor-section-height-default elementor-section-height-default\" data-id=\"6783ba1\" data-element_type=\"section\">\n            \n                        <div class=\"elementor-container elementor-column-gap-extended \">\n                    <div class=\"elementor-column elementor-col-50 elementor-top-column elementor-element elementor-element-3dd5ac9\" data-id=\"3dd5ac9\" data-element_type=\"column\">\n            <div class=\"elementor-widget-wrap elementor-element-populated\">\n                        \t\t<div class=\"elementor-element elementor-element-1bf7025 elementor-widget elementor-widget-ct_fancy_box\" data-id=\"1bf7025\" data-element_type=\"widget\" data-widget_type=\"ct_fancy_box.default\">\n\t\t\t\t<div class=\"elementor-widget-container\">\n\t\t\t<div class=\"ct-fancy-box ct-fancy-box-layout1 style1 \" data-wow-delay=\"ms\">\r\n            <div class=\"item--icon\">\r\n            <span class=\"item--shape\"><\/span>\r\n            <i aria-hidden=\"true\" class=\"fas fa-map-marker-alt\"><\/i>        <\/div>\r\n            <div class=\"item--holder\">\r\n                    <h3 class=\"item--title\">\r\n                Head office address:            <\/h3>\r\n                <div class=\"item--description\">3556 Hartford Way Vlg, Mount\nPleasant, SC, 29466, Australia.<\/div>\r\n    <\/div>\r\n<\/div>\t\t<\/div>\n\t\t\t\t<\/div>\n\t\t\t\t<div class=\"elementor-element elementor-element-1655275 elementor-widget elementor-widget-ct_fancy_box\" data-id=\"1655275\" data-element_type=\"widget\" data-widget_type=\"ct_fancy_box.default\">\n\t\t\t\t<div class=\"elementor-widget-container\">\n\t\t\t<div class=\"ct-fancy-box ct-fancy-box-layout1 style1 \" data-wow-delay=\"ms\">\r\n            <div class=\"item--icon\">\r\n            <span class=\"item--shape\"><\/span>\r\n            <i aria-hidden=\"true\" class=\"fas fa-phone-alt\"><\/i>        <\/div>\r\n            <div class=\"item--holder\">\r\n                    <h3 class=\"item--title\">\r\n                Call for help:            <\/h3>\r\n                <div class=\"item--description\">(734) 697-2907<br\/>\n(843) 971-1906<\/div>\r\n    <\/div>\r\n<\/div>\t\t<\/div>\n\t\t\t\t<\/div>\n\t\t\t\t<div class=\"elementor-element elementor-element-daf846a elementor-widget elementor-widget-ct_fancy_box\" data-id=\"daf846a\" data-element_type=\"widget\" data-widget_type=\"ct_fancy_box.default\">\n\t\t\t\t<div class=\"elementor-widget-container\">\n\t\t\t<div class=\"ct-fancy-box ct-fancy-box-layout1 style1 \" data-wow-delay=\"ms\">\r\n            <div class=\"item--icon\">\r\n            <span class=\"item--shape\"><\/span>\r\n            <i aria-hidden=\"true\" class=\"fas fa-envelope\"><\/i>        <\/div>\r\n            <div class=\"item--holder\">\r\n                    <h3 class=\"item--title\">\r\n                Mail for information:            <\/h3>\r\n                <div class=\"item--description\">noreply@envato.com<br\/>\nnoreply@consultio.com<\/div>\r\n    <\/div>\r\n<\/div>\t\t<\/div>\n\t\t\t\t<\/div>\n\t\t            <\/div>\n        <\/div>\n                <div class=\"elementor-column elementor-col-50 elementor-top-column elementor-element elementor-element-ee30c25\" data-id=\"ee30c25\" data-element_type=\"column\">\n            <div class=\"elementor-widget-wrap elementor-element-populated\">\n                        \t\t<div class=\"elementor-element elementor-element-6017a24 elementor-widget elementor-widget-ct_ctf7\" data-id=\"6017a24\" data-element_type=\"widget\" data-widget_type=\"ct_ctf7.default\">\n\t\t\t\t<div class=\"elementor-widget-container\">\n\t\t\t    <div class=\"ct-contact-form-layout1 style2 \">\r\n                <div class=\"ct-contact-form-inner\">\r\n        \t            <div class=\"ct-contact-form\">\r\n                <p class=\"wpcf7-contact-form-not-found\"><strong>Error:<\/strong> Formulario de contacto no encontrado.<\/p>            <\/div>\r\n        <\/div>\r\n            <\/div>\r\n\t\t<\/div>\n\t\t\t\t<\/div>\n\t\t            <\/div>\n        <\/div>\n                            <\/div>\n        <\/section>\n                <section class=\"elementor-section elementor-top-section elementor-element elementor-element-f83343a elementor-section-boxed elementor-section-height-default elementor-section-height-default\" data-id=\"f83343a\" data-element_type=\"section\">\n            \n                        <div class=\"elementor-container elementor-column-gap-default \">\n                    <div class=\"elementor-column elementor-col-100 elementor-top-column elementor-element elementor-element-e1b361a\" data-id=\"e1b361a\" data-element_type=\"column\">\n            <div class=\"elementor-widget-wrap\">\n                                    <\/div>\n        <\/div>\n                            <\/div>\n        <\/section>\n        \t\t\t\t\t<\/div>\n\t\t","protected":false},"excerpt":{"rendered":"<p>Estatutos Estatutos ANALMO (Descargar) Parte 1 &#8211; (Cap\u00edtulo I: Art\u00edculos 1 al 6)Parte 2 &#8211; (Cap\u00edtulo II: Art\u00edculos 7 al 12)Parte 3 &#8211; (Cap\u00edtulo II: Art\u00edculos 13 al 16 y Cap\u00edtulo III: Art\u00edculos 17 al 20)Parte 4 &#8211; (Cap\u00edtulo III: Art\u00edculos 21 al 26)Parte 5 &#8211; (Cap\u00edtulo III: Art\u00edculos 27 al 28, Cap\u00edtulo IV: Art\u00edculos [&hellip;]<\/p>\n","protected":false},"author":1,"featured_media":0,"parent":0,"menu_order":0,"comment_status":"closed","ping_status":"closed","template":"","meta":{"footnotes":""},"_links":{"self":[{"href":"https:\/\/analmo.org\/ws\/wp-json\/wp\/v2\/pages\/30"}],"collection":[{"href":"https:\/\/analmo.org\/ws\/wp-json\/wp\/v2\/pages"}],"about":[{"href":"https:\/\/analmo.org\/ws\/wp-json\/wp\/v2\/types\/page"}],"author":[{"embeddable":true,"href":"https:\/\/analmo.org\/ws\/wp-json\/wp\/v2\/users\/1"}],"replies":[{"embeddable":true,"href":"https:\/\/analmo.org\/ws\/wp-json\/wp\/v2\/comments?post=30"}],"version-history":[{"count":26,"href":"https:\/\/analmo.org\/ws\/wp-json\/wp\/v2\/pages\/30\/revisions"}],"predecessor-version":[{"id":6914,"href":"https:\/\/analmo.org\/ws\/wp-json\/wp\/v2\/pages\/30\/revisions\/6914"}],"wp:attachment":[{"href":"https:\/\/analmo.org\/ws\/wp-json\/wp\/v2\/media?parent=30"}],"curies":[{"name":"wp","href":"https:\/\/api.w.org\/{rel}","templated":true}]}}