{"id":6031,"date":"2021-07-27T15:35:30","date_gmt":"2021-07-27T20:35:30","guid":{"rendered":"https:\/\/analmo.org\/ws\/?page_id=6031"},"modified":"2022-06-14T19:32:03","modified_gmt":"2022-06-15T00:32:03","slug":"legislacion","status":"publish","type":"page","link":"https:\/\/analmo.org\/ws\/legislacion\/","title":{"rendered":"Legislaci\u00f3n"},"content":{"rendered":"\t\t<div data-elementor-type=\"wp-page\" data-elementor-id=\"6031\" class=\"elementor elementor-6031\">\n\t\t\t\t\t\t\t        <section class=\"elementor-section elementor-top-section elementor-element elementor-element-0fc61dc elementor-section-boxed elementor-section-height-default elementor-section-height-default\" data-id=\"0fc61dc\" data-element_type=\"section\">\n            \n                        <div class=\"elementor-container elementor-column-gap-extended \">\n                    <div class=\"elementor-column elementor-col-100 elementor-top-column elementor-element elementor-element-352e25e\" data-id=\"352e25e\" data-element_type=\"column\">\n            <div class=\"elementor-widget-wrap elementor-element-populated\">\n                        \t\t<div class=\"elementor-element elementor-element-e02bc19 elementor-widget elementor-widget-ct_heading\" data-id=\"e02bc19\" data-element_type=\"widget\" data-widget_type=\"ct_heading.default\">\n\t\t\t\t<div class=\"elementor-widget-container\">\n\t\t\t<div class=\"ct-heading h-align-  sub-style1 ct-heading-left item-st-default\">\r\n\t\t\t<div class=\"item--sub-title style1 show-line\">\r\n                                                         <\/div>\r\n\t    <h3 class=\"item--title st-default \" data-wow-delay=\"ms\">\r\n                <span>\r\n            \r\n             \r\n                    <\/span>\r\n            <\/h3>\r\n<\/div>\t\t<\/div>\n\t\t\t\t<\/div>\n\t\t\t\t<div class=\"elementor-element elementor-element-ec52004 elementor-widget elementor-widget-heading\" data-id=\"ec52004\" data-element_type=\"widget\" data-widget_type=\"heading.default\">\n\t\t\t\t<div class=\"elementor-widget-container\">\n\t\t\t<h2 class=\"elementor-heading-title elementor-size-default\">MIDA<\/h2>\t\t<\/div>\n\t\t\t\t<\/div>\n\t\t\t\t<div class=\"elementor-element elementor-element-3371f99 elementor-widget elementor-widget-ct_fancy_box_grid\" data-id=\"3371f99\" data-element_type=\"widget\" data-widget_type=\"ct_fancy_box_grid.default\">\n\t\t\t\t<div class=\"elementor-widget-container\">\n\t\t\t    <div id=\"ct_fancy_box_grid-3371f99\" class=\"ct-grid ct-fancy-box-grid ct-fancy-box-grid2\">\r\n        <div class=\"ct-grid-inner ct-grid-masonry row\" data-gutter=\"7\">\r\n                            <div class=\"grid-item col-xl-3 col-lg-3 col-md-4 col-sm-6 col-6\">\r\n                    <div class=\"item--inner same-height\">\r\n                                                                            <div class=\"item--icon\">\r\n                                <img decoding=\"async\" width=\"591\" height=\"571\" src=\"https:\/\/analmo.org\/ws\/wp-content\/uploads\/2021\/11\/da6f9a18aa378470038385ea8d8e238a.jpg\" class=\"attachment-full\" alt=\"\" \/>                            <\/div>\r\n                        \r\n                        <h3 class=\"item--title\">    \r\n                            LEY 49 DE 16 DE JUNIO DE 2017                        <\/h3>\r\n                        <div class=\"item--desc\">Que establece la organizaci\u00f3n y funcionamiento de las cadenas agroalimentaria de arroz<\/div>\r\n                                                    <a class=\"item-link\" href=\"https:\/\/analmo.org\/ws\/wp-content\/uploads\/2021\/07\/Ley-49-de-16-de-junio-de-2017-Cadena-agroalimentaria.pdf\" target=\"_blank\"><\/a>\r\n                                           <\/div>\r\n                   <div class=\"item--shadow\"><\/div>\r\n                <\/div>\r\n                            <div class=\"grid-item col-xl-3 col-lg-3 col-md-4 col-sm-6 col-6\">\r\n                    <div class=\"item--inner same-height\">\r\n                                                                            <div class=\"item--icon\">\r\n                                <img decoding=\"async\" width=\"591\" height=\"571\" src=\"https:\/\/analmo.org\/ws\/wp-content\/uploads\/2021\/11\/da6f9a18aa378470038385ea8d8e238a.jpg\" class=\"attachment-full\" alt=\"\" \/>                            <\/div>\r\n                        \r\n                        <h3 class=\"item--title\">    \r\n                            DECRETO EJECUTIVO N.132 DEL 28 DE DICIEMBRE DE 2018                        <\/h3>\r\n                        <div class=\"item--desc\">Reglamenta la Ley 49 y establece la organizaci\u00f3n y funcionamiento de las cadenas agroalimentarias<\/div>\r\n                                                    <a class=\"item-link\" href=\"https:\/\/analmo.org\/ws\/wp-content\/uploads\/2021\/07\/Decreto-Ejecutivo-132-del-28-de-diciembre-de-2018.pdf\" target=\"_blank\"><\/a>\r\n                                           <\/div>\r\n                   <div class=\"item--shadow\"><\/div>\r\n                <\/div>\r\n                            <div class=\"grid-item col-xl-3 col-lg-3 col-md-4 col-sm-6 col-6\">\r\n                    <div class=\"item--inner same-height\">\r\n                                                                            <div class=\"item--icon\">\r\n                                <img decoding=\"async\" width=\"591\" height=\"571\" src=\"https:\/\/analmo.org\/ws\/wp-content\/uploads\/2021\/11\/da6f9a18aa378470038385ea8d8e238a.jpg\" class=\"attachment-full\" alt=\"\" \/>                            <\/div>\r\n                        \r\n                        <h3 class=\"item--title\">    \r\n                            LEY 17 DEL 22 DE FEBRERO DE 2018                        <\/h3>\r\n                        <div class=\"item--desc\">Que declara al arroz como cultivo de seguridad alimentaria nacional<\/div>\r\n                                                    <a class=\"item-link\" href=\"https:\/\/analmo.org\/ws\/wp-content\/uploads\/2021\/07\/Ley-17-del-22-de-Febrero-2018-Decreta-el-Arroz-como-Cultivo-de-Seguridad-Alimentaria-Nacional.pdf\" target=\"_blank\"><\/a>\r\n                                           <\/div>\r\n                   <div class=\"item--shadow\"><\/div>\r\n                <\/div>\r\n                            <div class=\"grid-item col-xl-3 col-lg-3 col-md-4 col-sm-6 col-6\">\r\n                    <div class=\"item--inner same-height\">\r\n                                                                            <div class=\"item--icon\">\r\n                                <img decoding=\"async\" width=\"591\" height=\"571\" src=\"https:\/\/analmo.org\/ws\/wp-content\/uploads\/2021\/11\/da6f9a18aa378470038385ea8d8e238a.jpg\" class=\"attachment-full\" alt=\"\" \/>                            <\/div>\r\n                        \r\n                        <h3 class=\"item--title\">    \r\n                            LEY 98 DE 9 DE OCTUBRE 2019                        <\/h3>\r\n                        <div class=\"item--desc\">SISTEMA DE INTERESES PREFERENCIALE AL SECTOR AGROPECUARIO<\/div>\r\n                                                    <a class=\"item-link\" href=\"https:\/\/analmo.org\/ws\/wp-content\/uploads\/2021\/08\/LEY-98-DE-9-DE-OCTUBRE-2019-MODIFICA-LEY-4-DE-1994-SISTEMA-DE-INTERESES-PREFERENCIALE-AL-SECTOR-AGROPECUARIO.pdf\" target=\"_blank\"><\/a>\r\n                                           <\/div>\r\n                   <div class=\"item--shadow\"><\/div>\r\n                <\/div>\r\n                        <div class=\"grid-sizer col-xl-3 col-lg-3 col-md-4 col-sm-6 col-6\"><\/div>\r\n        <\/div>\r\n    <\/div>\r\n\t\t<\/div>\n\t\t\t\t<\/div>\n\t\t            <\/div>\n        <\/div>\n                            <\/div>\n        <\/section>\n                <section class=\"elementor-section elementor-top-section elementor-element elementor-element-891db89 elementor-section-boxed elementor-section-height-default elementor-section-height-default\" data-id=\"891db89\" data-element_type=\"section\">\n            \n                        <div class=\"elementor-container elementor-column-gap-extended \">\n                    <div class=\"elementor-column elementor-col-100 elementor-top-column elementor-element elementor-element-e6d6626\" data-id=\"e6d6626\" data-element_type=\"column\">\n            <div class=\"elementor-widget-wrap elementor-element-populated\">\n                        \t\t<div class=\"elementor-element elementor-element-9b554f9 elementor-widget elementor-widget-ct_heading\" data-id=\"9b554f9\" data-element_type=\"widget\" data-widget_type=\"ct_heading.default\">\n\t\t\t\t<div class=\"elementor-widget-container\">\n\t\t\t<div class=\"ct-heading h-align-  sub-style1 ct-heading-left item-st-default\">\r\n\t\t\t<div class=\"item--sub-title style1 show-line\">\r\n                                                         <\/div>\r\n\t    <h3 class=\"item--title st-default \" data-wow-delay=\"ms\">\r\n                <span>\r\n            \r\n             \r\n                    <\/span>\r\n            <\/h3>\r\n<\/div>\t\t<\/div>\n\t\t\t\t<\/div>\n\t\t\t\t<div class=\"elementor-element elementor-element-a389263 elementor-widget elementor-widget-heading\" data-id=\"a389263\" data-element_type=\"widget\" data-widget_type=\"heading.default\">\n\t\t\t\t<div class=\"elementor-widget-container\">\n\t\t\t<h2 class=\"elementor-heading-title elementor-size-default\">MICI<\/h2>\t\t<\/div>\n\t\t\t\t<\/div>\n\t\t\t\t<div class=\"elementor-element elementor-element-947a9b7 elementor-widget elementor-widget-ct_fancy_box_grid\" data-id=\"947a9b7\" data-element_type=\"widget\" data-widget_type=\"ct_fancy_box_grid.default\">\n\t\t\t\t<div class=\"elementor-widget-container\">\n\t\t\t    <div id=\"ct_fancy_box_grid-947a9b7\" class=\"ct-grid ct-fancy-box-grid ct-fancy-box-grid2\">\r\n        <div class=\"ct-grid-inner ct-grid-masonry row\" data-gutter=\"7\">\r\n                            <div class=\"grid-item col-xl-3 col-lg-3 col-md-4 col-sm-6 col-6\">\r\n                    <div class=\"item--inner same-height\">\r\n                                                                            <div class=\"item--icon\">\r\n                                <img decoding=\"async\" width=\"1024\" height=\"576\" src=\"https:\/\/analmo.org\/ws\/wp-content\/uploads\/2021\/11\/mici.jpg\" class=\"attachment-full\" alt=\"\" \/>                            <\/div>\r\n                        \r\n                        <h3 class=\"item--title\">    \r\n                            LEY 112 DEL 18 DE NOVIEMBRE DE 2019                        <\/h3>\r\n                        <div class=\"item--desc\">LOGO TIPO HECHO EN PANAMA PRODUCTOES PANAME\u00d1OS<\/div>\r\n                                                    <a class=\"item-link\" href=\"https:\/\/analmo.org\/ws\/wp-content\/uploads\/2021\/08\/LEY-112-DEL-18-DE-NOVIEMBRE-DE-2019-LOGO-TIPO-HECHO-EN-PANAMA-PRODUCTOES-PANAMENOS.pdf\" target=\"_blank\"><\/a>\r\n                                           <\/div>\r\n                   <div class=\"item--shadow\"><\/div>\r\n                <\/div>\r\n                            <div class=\"grid-item col-xl-3 col-lg-3 col-md-4 col-sm-6 col-6\">\r\n                    <div class=\"item--inner same-height\">\r\n                                                                            <div class=\"item--icon\">\r\n                                <img decoding=\"async\" width=\"1024\" height=\"576\" src=\"https:\/\/analmo.org\/ws\/wp-content\/uploads\/2021\/11\/mici.jpg\" class=\"attachment-full\" alt=\"\" \/>                            <\/div>\r\n                        \r\n                        <h3 class=\"item--title\">    \r\n                            LEY 25 DE 23 DE MAYO 2017                        <\/h3>\r\n                        <div class=\"item--desc\">MEDIDAS PARA EL FOMENTO DE LA INDUSTRIA<\/div>\r\n                                                    <a class=\"item-link\" href=\"https:\/\/analmo.org\/ws\/wp-content\/uploads\/2021\/08\/LEY-25-DE-23-DE-MAYO-2017-MODIFICA-LEY-76-DE-2009-MEDIDAS-PARA-EL-FOMENTO-DE-LA-INDUSTRIA.pdf\" target=\"_blank\"><\/a>\r\n                                           <\/div>\r\n                   <div class=\"item--shadow\"><\/div>\r\n                <\/div>\r\n                            <div class=\"grid-item col-xl-3 col-lg-3 col-md-4 col-sm-6 col-6\">\r\n                    <div class=\"item--inner same-height\">\r\n                                                                            <div class=\"item--icon\">\r\n                                <img decoding=\"async\" width=\"1024\" height=\"576\" src=\"https:\/\/analmo.org\/ws\/wp-content\/uploads\/2021\/11\/mici.jpg\" class=\"attachment-full\" alt=\"\" \/>                            <\/div>\r\n                        \r\n                        <h3 class=\"item--title\">    \r\n                            NORMA T\u00c9CNICA COPANIT 515:2020                        <\/h3>\r\n                        <div class=\"item--desc\">Caractar\u00edsticas y especificaciones t\u00e9cnicas de la premezcla para la fortificaci\u00f3n del arroz pilado<\/div>\r\n                                                    <a class=\"item-link\" href=\"https:\/\/analmo.org\/ws\/wp-content\/uploads\/2021\/11\/DGNTI-COPANIT-515-2020.pdf\" target=\"_blank\"><\/a>\r\n                                           <\/div>\r\n                   <div class=\"item--shadow\"><\/div>\r\n                <\/div>\r\n                            <div class=\"grid-item col-xl-3 col-lg-3 col-md-4 col-sm-6 col-6\">\r\n                    <div class=\"item--inner same-height\">\r\n                                                                            <div class=\"item--icon\">\r\n                                <img decoding=\"async\" width=\"1024\" height=\"576\" src=\"https:\/\/analmo.org\/ws\/wp-content\/uploads\/2021\/11\/mici.jpg\" class=\"attachment-full\" alt=\"\" \/>                            <\/div>\r\n                        \r\n                        <h3 class=\"item--title\">    \r\n                            REGLAMENTO T\u00c9CNICO DGNTI-COPANIT 75-2002                        <\/h3>\r\n                        <div class=\"item--desc\">Arroz pilado<\/div>\r\n                                                    <a class=\"item-link\" href=\"https:\/\/analmo.org\/ws\/wp-content\/uploads\/2021\/11\/Reglamento-Tecnico-DGNTI-COPANIT-75-2002-Granos-y-cereales-de-Arroz-Pilado.pdf\" target=\"_blank\"><\/a>\r\n                                           <\/div>\r\n                   <div class=\"item--shadow\"><\/div>\r\n                <\/div>\r\n                            <div class=\"grid-item col-xl-3 col-lg-3 col-md-4 col-sm-6 col-6\">\r\n                    <div class=\"item--inner same-height\">\r\n                                                                            <div class=\"item--icon\">\r\n                                <img decoding=\"async\" width=\"1024\" height=\"576\" src=\"https:\/\/analmo.org\/ws\/wp-content\/uploads\/2021\/11\/mici.jpg\" class=\"attachment-full\" alt=\"\" \/>                            <\/div>\r\n                        \r\n                        <h3 class=\"item--title\">    \r\n                            REGLAMENTO T\u00c9CNICO DGNTI-COPANIT 74-2003                        <\/h3>\r\n                        <div class=\"item--desc\">Arroz c\u00e1scara<\/div>\r\n                                                    <a class=\"item-link\" href=\"https:\/\/analmo.org\/ws\/wp-content\/uploads\/2021\/11\/Reglamento-tecnico-dgnti-copanit-74-2003.pdf\" target=\"_blank\"><\/a>\r\n                                           <\/div>\r\n                   <div class=\"item--shadow\"><\/div>\r\n                <\/div>\r\n                            <div class=\"grid-item col-xl-3 col-lg-3 col-md-4 col-sm-6 col-6\">\r\n                    <div class=\"item--inner same-height\">\r\n                                                                            <div class=\"item--icon\">\r\n                                <img decoding=\"async\" width=\"1024\" height=\"576\" src=\"https:\/\/analmo.org\/ws\/wp-content\/uploads\/2021\/11\/mici.jpg\" class=\"attachment-full\" alt=\"\" \/>                            <\/div>\r\n                        \r\n                        <h3 class=\"item--title\">    \r\n                            NORMA TECNICA DGNTI-COPANIT 421-98                        <\/h3>\r\n                        <div class=\"item--desc\">METROLOGIA CONTENIDO NETO DE PREEMPACADOS. REQUISITOS.<\/div>\r\n                                                    <a class=\"item-link\" href=\"https:\/\/analmo.org\/ws\/wp-content\/uploads\/2021\/11\/Norma-tecnica-DGNTI-COPANIT-421-98-METROLOGIA-Contenido-Neto-de-Preempacados.-Requisitos.pdf\" target=\"_blank\"><\/a>\r\n                                           <\/div>\r\n                   <div class=\"item--shadow\"><\/div>\r\n                <\/div>\r\n                            <div class=\"grid-item col-xl-3 col-lg-3 col-md-4 col-sm-6 col-6\">\r\n                    <div class=\"item--inner same-height\">\r\n                                                                            <div class=\"item--icon\">\r\n                                <img decoding=\"async\" width=\"1024\" height=\"576\" src=\"https:\/\/analmo.org\/ws\/wp-content\/uploads\/2021\/11\/mici.jpg\" class=\"attachment-full\" alt=\"\" \/>                            <\/div>\r\n                        \r\n                        <h3 class=\"item--title\">    \r\n                            NORMA T\u00c9CNICA 396                        <\/h3>\r\n                        <div class=\"item--desc\">TOMA DE MUESTRAS<\/div>\r\n                                                    <a class=\"item-link\" href=\"https:\/\/analmo.org\/ws\/wp-content\/uploads\/2021\/11\/NORMA-TECNICA-N-396.pdf\" target=\"_blank\"><\/a>\r\n                                           <\/div>\r\n                   <div class=\"item--shadow\"><\/div>\r\n                <\/div>\r\n                            <div class=\"grid-item col-xl-3 col-lg-3 col-md-4 col-sm-6 col-6\">\r\n                    <div class=\"item--inner same-height\">\r\n                                                                            <div class=\"item--icon\">\r\n                                <img decoding=\"async\" width=\"1024\" height=\"576\" src=\"https:\/\/analmo.org\/ws\/wp-content\/uploads\/2021\/11\/mici.jpg\" class=\"attachment-full\" alt=\"\" \/>                            <\/div>\r\n                        \r\n                        <h3 class=\"item--title\">    \r\n                            NORMA TECNICA DGNTI-COPANIT 402-2003                        <\/h3>\r\n                        <div class=\"item--desc\">GRANOS Y CEREALES. ARROZ. METODOS DE ENSAYOS Y ANALISIS<\/div>\r\n                                                    <a class=\"item-link\" href=\"https:\/\/analmo.org\/ws\/wp-content\/uploads\/2021\/11\/Norma-tecnica-DGNTI-COPANIT-402-2003.pdf\" target=\"_blank\"><\/a>\r\n                                           <\/div>\r\n                   <div class=\"item--shadow\"><\/div>\r\n                <\/div>\r\n                            <div class=\"grid-item col-xl-3 col-lg-3 col-md-4 col-sm-6 col-6\">\r\n                    <div class=\"item--inner same-height\">\r\n                                                                            <div class=\"item--icon\">\r\n                                <img decoding=\"async\" width=\"1024\" height=\"576\" src=\"https:\/\/analmo.org\/ws\/wp-content\/uploads\/2021\/11\/mici.jpg\" class=\"attachment-full\" alt=\"\" \/>                            <\/div>\r\n                        \r\n                        <h3 class=\"item--title\">    \r\n                            REGLAMENTO T\u00c9CNICO DGNTI-COPANIT 37-2002                        <\/h3>\r\n                        <div class=\"item--desc\">METROLOG\u00cdA INSTRUMENTOS PARA PESAR DE FUNCIONAMIENTO NO AUTOM\u00c1TICO<\/div>\r\n                                                    <a class=\"item-link\" href=\"https:\/\/analmo.org\/ws\/wp-content\/uploads\/2021\/11\/Reglamento-Tecnico-DGNTI-COPANIT-37-2002.pdf\" target=\"_blank\"><\/a>\r\n                                           <\/div>\r\n                   <div class=\"item--shadow\"><\/div>\r\n                <\/div>\r\n                        <div class=\"grid-sizer col-xl-3 col-lg-3 col-md-4 col-sm-6 col-6\"><\/div>\r\n        <\/div>\r\n    <\/div>\r\n\t\t<\/div>\n\t\t\t\t<\/div>\n\t\t            <\/div>\n        <\/div>\n                            <\/div>\n        <\/section>\n                <section class=\"elementor-section elementor-top-section elementor-element elementor-element-691cc31 elementor-section-boxed elementor-section-height-default elementor-section-height-default\" data-id=\"691cc31\" data-element_type=\"section\">\n            \n                        <div class=\"elementor-container elementor-column-gap-extended \">\n                    <div class=\"elementor-column elementor-col-100 elementor-top-column elementor-element elementor-element-7d71331\" data-id=\"7d71331\" data-element_type=\"column\">\n            <div class=\"elementor-widget-wrap elementor-element-populated\">\n                        \t\t<div class=\"elementor-element elementor-element-8c8867f elementor-widget elementor-widget-ct_heading\" data-id=\"8c8867f\" data-element_type=\"widget\" data-widget_type=\"ct_heading.default\">\n\t\t\t\t<div class=\"elementor-widget-container\">\n\t\t\t<div class=\"ct-heading h-align-  sub-style1 ct-heading-left item-st-default\">\r\n\t\t\t<div class=\"item--sub-title style1 show-line\">\r\n                                                         <\/div>\r\n\t    <h3 class=\"item--title st-default \" data-wow-delay=\"ms\">\r\n                <span>\r\n            \r\n             \r\n                    <\/span>\r\n            <\/h3>\r\n<\/div>\t\t<\/div>\n\t\t\t\t<\/div>\n\t\t\t\t<div class=\"elementor-element elementor-element-8558d45 elementor-widget elementor-widget-heading\" data-id=\"8558d45\" data-element_type=\"widget\" data-widget_type=\"heading.default\">\n\t\t\t\t<div class=\"elementor-widget-container\">\n\t\t\t<h2 class=\"elementor-heading-title elementor-size-default\">ACODECO<\/h2>\t\t<\/div>\n\t\t\t\t<\/div>\n\t\t\t\t<div class=\"elementor-element elementor-element-f427faf elementor-widget elementor-widget-ct_fancy_box_grid\" data-id=\"f427faf\" data-element_type=\"widget\" data-widget_type=\"ct_fancy_box_grid.default\">\n\t\t\t\t<div class=\"elementor-widget-container\">\n\t\t\t    <div id=\"ct_fancy_box_grid-f427faf\" class=\"ct-grid ct-fancy-box-grid ct-fancy-box-grid2\">\r\n        <div class=\"ct-grid-inner ct-grid-masonry row\" data-gutter=\"7\">\r\n                            <div class=\"grid-item col-xl-3 col-lg-3 col-md-4 col-sm-6 col-6\">\r\n                    <div class=\"item--inner same-height\">\r\n                                                                            <div class=\"item--icon\">\r\n                                <img decoding=\"async\" width=\"900\" height=\"675\" src=\"https:\/\/analmo.org\/ws\/wp-content\/uploads\/2021\/11\/Logo-de-ACODECO_0.jpg\" class=\"attachment-full\" alt=\"\" \/>                            <\/div>\r\n                        \r\n                        <h3 class=\"item--title\">    \r\n                            LEY 45 DEL 31 DE OCTUBRE DE 2007                        <\/h3>\r\n                        <div class=\"item--desc\">Normas sobre protecci\u00f3n al consumidor y defensa de la competencia y otra disposici\u00f3n<\/div>\r\n                                                    <a class=\"item-link\" href=\"https:\/\/analmo.org\/ws\/wp-content\/uploads\/2022\/06\/Ley-45-del-31-de-octubre-de-2007-Normas-proteccion-al-consumidor-ACODECO.pdf\" target=\"_blank\"><\/a>\r\n                                           <\/div>\r\n                   <div class=\"item--shadow\"><\/div>\r\n                <\/div>\r\n                        <div class=\"grid-sizer col-xl-3 col-lg-3 col-md-4 col-sm-6 col-6\"><\/div>\r\n        <\/div>\r\n    <\/div>\r\n\t\t<\/div>\n\t\t\t\t<\/div>\n\t\t            <\/div>\n        <\/div>\n                            <\/div>\n        <\/section>\n        \t\t\t\t\t<\/div>\n\t\t","protected":false},"excerpt":{"rendered":"<p>MIDA LEY 49 DE 16 DE JUNIO DE 2017 Que establece la organizaci\u00f3n y funcionamiento de las cadenas agroalimentaria de arroz DECRETO EJECUTIVO N.132 DEL 28 DE DICIEMBRE DE 2018 Reglamenta la Ley 49 y establece la organizaci\u00f3n y funcionamiento de las cadenas agroalimentarias LEY 17 DEL 22 DE FEBRERO DE 2018 Que declara al [&hellip;]<\/p>\n","protected":false},"author":1,"featured_media":0,"parent":0,"menu_order":0,"comment_status":"closed","ping_status":"closed","template":"","meta":{"footnotes":""},"_links":{"self":[{"href":"https:\/\/analmo.org\/ws\/wp-json\/wp\/v2\/pages\/6031"}],"collection":[{"href":"https:\/\/analmo.org\/ws\/wp-json\/wp\/v2\/pages"}],"about":[{"href":"https:\/\/analmo.org\/ws\/wp-json\/wp\/v2\/types\/page"}],"author":[{"embeddable":true,"href":"https:\/\/analmo.org\/ws\/wp-json\/wp\/v2\/users\/1"}],"replies":[{"embeddable":true,"href":"https:\/\/analmo.org\/ws\/wp-json\/wp\/v2\/comments?post=6031"}],"version-history":[{"count":126,"href":"https:\/\/analmo.org\/ws\/wp-json\/wp\/v2\/pages\/6031\/revisions"}],"predecessor-version":[{"id":6924,"href":"https:\/\/analmo.org\/ws\/wp-json\/wp\/v2\/pages\/6031\/revisions\/6924"}],"wp:attachment":[{"href":"https:\/\/analmo.org\/ws\/wp-json\/wp\/v2\/media?parent=6031"}],"curies":[{"name":"wp","href":"https:\/\/api.w.org\/{rel}","templated":true}]}}